{"id":2358,"date":"2023-03-26T17:08:11","date_gmt":"2023-03-26T15:08:11","guid":{"rendered":"https:\/\/dfg-berlin.de\/activites\/congres\/"},"modified":"2025-08-04T12:49:07","modified_gmt":"2025-08-04T10:49:07","slug":"congres","status":"publish","type":"page","link":"https:\/\/dfg-berlin.de\/fr\/activites\/congres\/","title":{"rendered":"Congr\u00e8s"},"content":{"rendered":"\n<p>Chaque ann\u00e9e, un congr\u00e8s binational est organis\u00e9 alternativement dans l\u2019un des deux pays partenaires par la VDFG (Union des associations franco-allemandes pour l\u2019Europe) et la F\u00e9d\u00e9ration des acteurs franco-allemands pour l\u2019Europe (FAFA)<\/p>\n\n\n\n<p>Pendant deux \u00e0 trois jours, jusqu&#8217;\u00e0 200 participants des deux pays se r\u00e9unissent pour analyser les diff\u00e9rentes facettes de la coop\u00e9ration franco-allemande avec des experts issus des milieux universitaires, \u00e9conomiques, politiques et de la soci\u00e9t\u00e9 civile, et pour mettre en lumi\u00e8re son d\u00e9veloppement dans le cadre europ\u00e9en. Chaque congr\u00e8s est donc g\u00e9n\u00e9ralement plac\u00e9 sous un th\u00e8me pr\u00e9cis. <\/p>\n\n\n\n<p><strong>Cette ann\u00e9e le congr\u00e8s annuel aura lieu du 17 au 19 octobre 2025 \u00e0 Nantes.<\/strong><\/p>\n\n\n\n<div class=\"wp-block-buttons is-horizontal is-layout-flex wp-block-buttons-is-layout-flex\">\n<div class=\"wp-block-button\"><a class=\"wp-block-button__link wp-element-button\" href=\"https:\/\/69e-congres-nantes.congres-fafa-vdfg.eu\/\" target=\"_blank\" rel=\"noopener\">D\u00e9couvrir le programme et s&#8217;inscrire<\/a><\/div>\n<\/div>\n\n\n\n<p><\/p>\n","protected":false},"excerpt":{"rendered":"<p>Chaque ann\u00e9e, un congr\u00e8s binational est organis\u00e9 alternativement dans l\u2019un des deux pays partenaires par la VDFG (Union des associations franco-allemandes pour l\u2019Europe) et la F\u00e9d\u00e9ration des acteurs franco-allemands pour l\u2019Europe (FAFA) Pendant deux \u00e0 trois jours, jusqu&#8217;\u00e0 200 participants des deux pays se r\u00e9unissent pour analyser les diff\u00e9rentes facettes de la coop\u00e9ration franco-allemande avec [&hellip;]<\/p>\n","protected":false},"author":1,"featured_media":2178,"parent":2289,"menu_order":0,"comment_status":"closed","ping_status":"closed","template":"","meta":{"_acf_changed":false,"footnotes":""},"class_list":["post-2358","page","type-page","status-publish","has-post-thumbnail","hentry"],"acf":[],"_links":{"self":[{"href":"https:\/\/dfg-berlin.de\/fr\/wp-json\/wp\/v2\/pages\/2358","targetHints":{"allow":["GET"]}}],"collection":[{"href":"https:\/\/dfg-berlin.de\/fr\/wp-json\/wp\/v2\/pages"}],"about":[{"href":"https:\/\/dfg-berlin.de\/fr\/wp-json\/wp\/v2\/types\/page"}],"author":[{"embeddable":true,"href":"https:\/\/dfg-berlin.de\/fr\/wp-json\/wp\/v2\/users\/1"}],"replies":[{"embeddable":true,"href":"https:\/\/dfg-berlin.de\/fr\/wp-json\/wp\/v2\/comments?post=2358"}],"version-history":[{"count":0,"href":"https:\/\/dfg-berlin.de\/fr\/wp-json\/wp\/v2\/pages\/2358\/revisions"}],"up":[{"embeddable":true,"href":"https:\/\/dfg-berlin.de\/fr\/wp-json\/wp\/v2\/pages\/2289"}],"wp:featuredmedia":[{"embeddable":true,"href":"https:\/\/dfg-berlin.de\/fr\/wp-json\/wp\/v2\/media\/2178"}],"wp:attachment":[{"href":"https:\/\/dfg-berlin.de\/fr\/wp-json\/wp\/v2\/media?parent=2358"}],"curies":[{"name":"wp","href":"https:\/\/api.w.org\/{rel}","templated":true}]}}