{"id":2227,"date":"2023-03-22T23:39:16","date_gmt":"2023-03-22T22:39:16","guid":{"rendered":"http:\/\/staging.dfg-berlin.de\/service-dinformation\/"},"modified":"2025-01-20T22:10:56","modified_gmt":"2025-01-20T21:10:56","slug":"service-dinformation","status":"publish","type":"page","link":"https:\/\/dfg-berlin.de\/fr\/activites\/service-dinformation\/","title":{"rendered":"Service d&#8217;information"},"content":{"rendered":"\n<p>Avec notre <em>service d&#8217;information<\/em>, nous souhaitons attirer l&#8217;attention sur les nombreuses offres int\u00e9ressantes dans le domaine franco-allemand \u00e0 Berlin et dans le Brandebourg, en plus de nos propres manifestations.<\/p>\n\n<p>Nous publions ici une s\u00e9lection de temps forts culturels de nos partenaires : Institut Fran\u00e7ais, Centre Fran\u00e7ais de Berlin, Amis de la Maison de France, etc. Mais nous vous informons \u00e9galement sur des \u00e9v\u00e8nements particuliers, comme par exemple le festival de la musique fran\u00e7aise \u00e0 Paris. Vernissages d&#8217;artistes fran\u00e7ais, soir\u00e9es litt\u00e9raires, semaines du cin\u00e9ma fran\u00e7ais, festival Brassens, atelier de th\u00e9\u00e2tre en fran\u00e7ais, soir\u00e9es th\u00e9matiques&#8230; pour n&#8217;en citer que quelques-uns. Nous parcourons \u00e9galement le riche programme d&#8217;ARTE ou examinons les nouvelles publications sur le march\u00e9 du livre et partageons volontiers nos recommandations avec toutes les personnes int\u00e9ress\u00e9es.<\/p>\n","protected":false},"excerpt":{"rendered":"<p>Avec notre service d&#8217;information, nous souhaitons attirer l&#8217;attention sur les nombreuses offres int\u00e9ressantes dans le domaine franco-allemand \u00e0 Berlin et dans le Brandebourg, en plus de nos propres manifestations. Nous publions ici une s\u00e9lection de temps forts culturels de nos partenaires : Institut Fran\u00e7ais, Centre Fran\u00e7ais de Berlin, Amis de la Maison de France, etc. [&hellip;]<\/p>\n","protected":false},"author":1,"featured_media":2175,"parent":2289,"menu_order":0,"comment_status":"closed","ping_status":"closed","template":"","meta":{"_acf_changed":false,"footnotes":""},"class_list":["post-2227","page","type-page","status-publish","has-post-thumbnail","hentry"],"acf":[],"_links":{"self":[{"href":"https:\/\/dfg-berlin.de\/fr\/wp-json\/wp\/v2\/pages\/2227","targetHints":{"allow":["GET"]}}],"collection":[{"href":"https:\/\/dfg-berlin.de\/fr\/wp-json\/wp\/v2\/pages"}],"about":[{"href":"https:\/\/dfg-berlin.de\/fr\/wp-json\/wp\/v2\/types\/page"}],"author":[{"embeddable":true,"href":"https:\/\/dfg-berlin.de\/fr\/wp-json\/wp\/v2\/users\/1"}],"replies":[{"embeddable":true,"href":"https:\/\/dfg-berlin.de\/fr\/wp-json\/wp\/v2\/comments?post=2227"}],"version-history":[{"count":0,"href":"https:\/\/dfg-berlin.de\/fr\/wp-json\/wp\/v2\/pages\/2227\/revisions"}],"up":[{"embeddable":true,"href":"https:\/\/dfg-berlin.de\/fr\/wp-json\/wp\/v2\/pages\/2289"}],"wp:featuredmedia":[{"embeddable":true,"href":"https:\/\/dfg-berlin.de\/fr\/wp-json\/wp\/v2\/media\/2175"}],"wp:attachment":[{"href":"https:\/\/dfg-berlin.de\/fr\/wp-json\/wp\/v2\/media?parent=2227"}],"curies":[{"name":"wp","href":"https:\/\/api.w.org\/{rel}","templated":true}]}}